{"id":187,"date":"2026-05-02T23:36:02","date_gmt":"2026-05-02T23:36:02","guid":{"rendered":"https:\/\/inspirai.pl\/?page_id=187"},"modified":"2026-05-04T17:09:28","modified_gmt":"2026-05-04T17:09:28","slug":"strona-glowna","status":"publish","type":"page","link":"https:\/\/inspirai.pl\/","title":{"rendered":"Strona g\u0142\u00f3wna"},"content":{"rendered":"<main id='bde-main'><section class=\"bde-section-187-100 bde-section hero-section\">\n  \n  \n\t\n\n\n\n<div class=\"section-container\"><div class=\"bde-div-187-101 bde-div hero-inner\">\n  \n  \n\t\n\n\n\n<div class=\"bde-div-187-102 bde-div hero-content\">\n  \n  \n\t\n\n\n\n<div class=\"bde-text-187-104 bde-text\">\nSTRONY, WIDOCZNO\u015a\u0106 I AUTOMATYZACJE\n<\/div><h1 class=\"bde-heading-187-105 bde-heading\">\nStrona, kt\u00f3ra wygl\u0105da dobrze, jest widoczna i pomaga zdobywa\u0107 zapytania.\n<\/h1><div class=\"bde-text-187-106 bde-text\">\nTworz\u0119 i rozwijam strony WordPress dla ma\u0142ych firm, \u0142\u0105cz\u0105c je z SEO, widoczno\u015bci\u0105 w odpowiedziach AI i prostymi automatyzacjami, \u017ceby firma mia\u0142a wi\u0119cej zapyta\u0144 i mniej r\u0119cznej pracy.\n<\/div><div class=\"bde-div-187-107 bde-div\">\n  \n  \n\t\n\n\n\n<div class=\"bde-button-187-110 bde-button\">\n        \n    \n    \n    \n    \n            \n            <button type=\"button\" class=\"button-atom button-atom--primary bde-button__button\"  >\n    \n        <span class=\"button-atom__text\">Um\u00f3w rozmow\u0119<\/span>\n\n        \n        \n            <\/button>\n    \n\n\n<\/div><div class=\"bde-button-187-111 bde-button\">\n        \n    \n    \n    \n    \n            \n            <button type=\"button\" class=\"button-atom button-atom--secondary bde-button__button\"  >\n    \n        <span class=\"button-atom__text\">Zobacz pakiety<\/span>\n\n        \n        \n            <\/button>\n    \n\n\n<\/div>\n<\/div><div class=\"bde-text-187-108 bde-text\">\nBez zobowi\u0105za\u0144. Po rozmowie dostajesz prosty plan kolejnych krok\u00f3w.\n<\/div><div class=\"bde-div-187-109 bde-div\">\n  \n  \n\t\n\n\n\n<div class=\"bde-div-187-112 bde-div\">\n  \n  \n\t\n\n\n\n<div class=\"bde-icon-187-115 bde-icon\">\n\n    \n            <div class=\"bde-icon-icon breakdance-icon-atom\" >\n    \n                    <svg xmlns=\"http:\/\/www.w3.org\/2000\/svg\" viewBox=\"0 0 512 512\"><!-- Font Awesome Free 5.15.1 by @fontawesome - https:\/\/fontawesome.com License - https:\/\/fontawesome.com\/license\/free (Icons: CC BY 4.0, Fonts: SIL OFL 1.1, Code: MIT License) --><path d=\"M440.5 88.5l-52 52L415 167c9.4 9.4 9.4 24.6 0 33.9l-17.4 17.4c11.8 26.1 18.4 55.1 18.4 85.6 0 114.9-93.1 208-208 208S0 418.9 0 304 93.1 96 208 96c30.5 0 59.5 6.6 85.6 18.4L311 97c9.4-9.4 24.6-9.4 33.9 0l26.5 26.5 52-52 17.1 17zM500 60h-24c-6.6 0-12 5.4-12 12s5.4 12 12 12h24c6.6 0 12-5.4 12-12s-5.4-12-12-12zM440 0c-6.6 0-12 5.4-12 12v24c0 6.6 5.4 12 12 12s12-5.4 12-12V12c0-6.6-5.4-12-12-12zm33.9 55l17-17c4.7-4.7 4.7-12.3 0-17-4.7-4.7-12.3-4.7-17 0l-17 17c-4.7 4.7-4.7 12.3 0 17 4.8 4.7 12.4 4.7 17 0zm-67.8 0c4.7 4.7 12.3 4.7 17 0 4.7-4.7 4.7-12.3 0-17l-17-17c-4.7-4.7-12.3-4.7-17 0-4.7 4.7-4.7 12.3 0 17l17 17zm67.8 34c-4.7-4.7-12.3-4.7-17 0-4.7 4.7-4.7 12.3 0 17l17 17c4.7 4.7 12.3 4.7 17 0 4.7-4.7 4.7-12.3 0-17l-17-17zM112 272c0-35.3 28.7-64 64-64 8.8 0 16-7.2 16-16s-7.2-16-16-16c-52.9 0-96 43.1-96 96 0 8.8 7.2 16 16 16s16-7.2 16-16z\"><\/path><\/svg>\n        \n        \n        \n            <\/div>\n    \n\n\n<\/div><div class=\"bde-text-187-118 bde-text\">\nWordPress + opieka\n<\/div>\n<\/div><div class=\"bde-div-187-124 bde-div\">\n  \n  \n\t\n\n\n\n<div class=\"bde-icon-187-125 bde-icon\">\n\n    \n            <div class=\"bde-icon-icon breakdance-icon-atom\" >\n    \n                    <svg xmlns=\"http:\/\/www.w3.org\/2000\/svg\" viewBox=\"0 0 512 512\"><!-- Font Awesome Free 5.15.1 by @fontawesome - https:\/\/fontawesome.com License - https:\/\/fontawesome.com\/license\/free (Icons: CC BY 4.0, Fonts: SIL OFL 1.1, Code: MIT License) --><path d=\"M440.5 88.5l-52 52L415 167c9.4 9.4 9.4 24.6 0 33.9l-17.4 17.4c11.8 26.1 18.4 55.1 18.4 85.6 0 114.9-93.1 208-208 208S0 418.9 0 304 93.1 96 208 96c30.5 0 59.5 6.6 85.6 18.4L311 97c9.4-9.4 24.6-9.4 33.9 0l26.5 26.5 52-52 17.1 17zM500 60h-24c-6.6 0-12 5.4-12 12s5.4 12 12 12h24c6.6 0 12-5.4 12-12s-5.4-12-12-12zM440 0c-6.6 0-12 5.4-12 12v24c0 6.6 5.4 12 12 12s12-5.4 12-12V12c0-6.6-5.4-12-12-12zm33.9 55l17-17c4.7-4.7 4.7-12.3 0-17-4.7-4.7-12.3-4.7-17 0l-17 17c-4.7 4.7-4.7 12.3 0 17 4.8 4.7 12.4 4.7 17 0zm-67.8 0c4.7 4.7 12.3 4.7 17 0 4.7-4.7 4.7-12.3 0-17l-17-17c-4.7-4.7-12.3-4.7-17 0-4.7 4.7-4.7 12.3 0 17l17 17zm67.8 34c-4.7-4.7-12.3-4.7-17 0-4.7 4.7-4.7 12.3 0 17l17 17c4.7 4.7 12.3 4.7 17 0 4.7-4.7 4.7-12.3 0-17l-17-17zM112 272c0-35.3 28.7-64 64-64 8.8 0 16-7.2 16-16s-7.2-16-16-16c-52.9 0-96 43.1-96 96 0 8.8 7.2 16 16 16s16-7.2 16-16z\"><\/path><\/svg>\n        \n        \n        \n            <\/div>\n    \n\n\n<\/div><div class=\"bde-text-187-126 bde-text\">\nSEO\/AEO\/GEO\n<\/div>\n<\/div><div class=\"bde-div-187-127 bde-div\">\n  \n  \n\t\n\n\n\n<div class=\"bde-icon-187-128 bde-icon\">\n\n    \n            <div class=\"bde-icon-icon breakdance-icon-atom\" >\n    \n                    <svg xmlns=\"http:\/\/www.w3.org\/2000\/svg\" viewBox=\"0 0 512 512\"><!-- Font Awesome Free 5.15.1 by @fontawesome - https:\/\/fontawesome.com License - https:\/\/fontawesome.com\/license\/free (Icons: CC BY 4.0, Fonts: SIL OFL 1.1, Code: MIT License) --><path d=\"M440.5 88.5l-52 52L415 167c9.4 9.4 9.4 24.6 0 33.9l-17.4 17.4c11.8 26.1 18.4 55.1 18.4 85.6 0 114.9-93.1 208-208 208S0 418.9 0 304 93.1 96 208 96c30.5 0 59.5 6.6 85.6 18.4L311 97c9.4-9.4 24.6-9.4 33.9 0l26.5 26.5 52-52 17.1 17zM500 60h-24c-6.6 0-12 5.4-12 12s5.4 12 12 12h24c6.6 0 12-5.4 12-12s-5.4-12-12-12zM440 0c-6.6 0-12 5.4-12 12v24c0 6.6 5.4 12 12 12s12-5.4 12-12V12c0-6.6-5.4-12-12-12zm33.9 55l17-17c4.7-4.7 4.7-12.3 0-17-4.7-4.7-12.3-4.7-17 0l-17 17c-4.7 4.7-4.7 12.3 0 17 4.8 4.7 12.4 4.7 17 0zm-67.8 0c4.7 4.7 12.3 4.7 17 0 4.7-4.7 4.7-12.3 0-17l-17-17c-4.7-4.7-12.3-4.7-17 0-4.7 4.7-4.7 12.3 0 17l17 17zm67.8 34c-4.7-4.7-12.3-4.7-17 0-4.7 4.7-4.7 12.3 0 17l17 17c4.7 4.7 12.3 4.7 17 0 4.7-4.7 4.7-12.3 0-17l-17-17zM112 272c0-35.3 28.7-64 64-64 8.8 0 16-7.2 16-16s-7.2-16-16-16c-52.9 0-96 43.1-96 96 0 8.8 7.2 16 16 16s16-7.2 16-16z\"><\/path><\/svg>\n        \n        \n        \n            <\/div>\n    \n\n\n<\/div><div class=\"bde-text-187-129 bde-text\">\nAI + automatyzacje\n<\/div>\n<\/div>\n<\/div>\n<\/div><div class=\"bde-div-187-103 bde-div hero-visual\">\n  \n  \n\t\n\n\n\n<div class=\"bde-div-187-251 bde-div\">\n  \n  \n\t\n\n\n\n<img decoding=\"async\" class=\"bde-image2-187-252 bde-image2\" src=\"https:\/\/inspirai.pl\/wp-content\/uploads\/2026\/05\/Wizualizacja-wspolpracy.webp\" alt=\"System strony, widoczno\u015bci i automatyzacji proces\u00f3w dla ma\u0142ej firmy\" loading=\"lazy\" srcset=\"https:\/\/inspirai.pl\/wp-content\/uploads\/2026\/05\/Wizualizacja-wspolpracy.webp 850w, https:\/\/inspirai.pl\/wp-content\/uploads\/2026\/05\/Wizualizacja-wspolpracy-227x300.webp 227w, https:\/\/inspirai.pl\/wp-content\/uploads\/2026\/05\/Wizualizacja-wspolpracy-776x1024.webp 776w, https:\/\/inspirai.pl\/wp-content\/uploads\/2026\/05\/Wizualizacja-wspolpracy-768x1014.webp 768w\" sizes=\"(max-width: 850px) 100vw, 850px\">\n<\/div>\n<\/div><div class=\"bde-div-187-197 bde-div hero-visual\">\n  \n  \n\t\n\n\n\n<div class=\"bde-div-187-198 bde-div visual-canvas\">\n  \n  \n\t\n\n\n\n<div class=\"bde-div-187-199 bde-div main-website-mockup\">\n  \n  \n\t\n\n\n\n<div class=\"bde-div-187-200 bde-div\">\n  \n  \n\t\n\n\n\n<div class=\"bde-text-187-201 bde-text\">\n\u25cf \u25cf \u25cf   twojafirma.pl\n<\/div><div class=\"bde-text-187-202 bde-text\">\nOferta   O nas   Kontakt\n<\/div>\n<\/div><div class=\"bde-div-187-203 bde-div\">\n  \n  \n\t\n\n\n\n<div class=\"bde-div-187-204 bde-div\">\n  \n  \n\t\n\n\n\n<div class=\"bde-text-187-205 bde-text\">\nSTRONA + WIDOCZNO\u015a\u0106\n<\/div><div class=\"bde-text-187-206 bde-text\">\nOferta, kt\u00f3ra prowadzi do kontaktu\n<\/div><div class=\"bde-text-187-207 bde-text\">\nJasna oferta, mocne CTA, tre\u015bci pod Google i AI oraz formularz bez zb\u0119dnych krok\u00f3w.\n<\/div><div class=\"bde-div-187-208 bde-div\">\n  \n  \n\t\n\n\n\n<div class=\"bde-text-187-209 bde-text\">\nWy\u015blij zapytanie\n<\/div>\n<\/div>\n<\/div><div class=\"bde-div-187-210 bde-div\">\n  \n  \n\t\n\n\n\n<div class=\"bde-div-187-211 bde-div\">\n  \n  \n\t\n\n\n\n<div class=\"bde-text-187-212 bde-text\">\nOferta\n<\/div>\n<\/div><div class=\"bde-div-187-213 bde-div\">\n  \n  \n\t\n\n\n\n<div class=\"bde-text-187-214 bde-text\">\nUs\u0142ugi\n<\/div>\n<\/div><div class=\"bde-div-187-215 bde-div\">\n  \n  \n\t\n\n\n\n<div class=\"bde-text-187-216 bde-text\">\nFormularz\n<\/div>\n<\/div><div class=\"bde-div-187-217 bde-div\">\n  \n  \n\t\n\n\n\n<div class=\"bde-text-187-218 bde-text\">\nCTA\n<\/div>\n<\/div>\n<\/div>\n<\/div><div class=\"bde-div-187-219 bde-div\">\n  \n  \n\t\n\n\n\n<div class=\"bde-div-187-220 bde-div\">\n  \n  \n\t\n\n\n\n<div class=\"bde-text-187-221 bde-text\">\nWordPress\n<\/div>\n<\/div><div class=\"bde-div-187-222 bde-div\">\n  \n  \n\t\n\n\n\n<div class=\"bde-text-187-223 bde-text\">\nSEO + AI\n<\/div>\n<\/div><div class=\"bde-div-187-224 bde-div\">\n  \n  \n\t\n\n\n\n<div class=\"bde-text-187-225 bde-text\">\nFormularz\n<\/div>\n<\/div>\n<\/div>\n<\/div><div class=\"bde-div-187-226 bde-div\">\n  \n  \n\t\n\n\n\n<div class=\"bde-div-187-227 bde-div hero-visual-card\">\n  \n  \n\t\n\n\n\n<div class=\"bde-div-187-228 bde-div hero-card-icon-row\">\n  \n  \n\t\n\n\n\n<div class=\"bde-icon-187-229 bde-icon hero-card-badge\">\n\n    \n            <div class=\"bde-icon-icon breakdance-icon-atom\" >\n    \n                    <svg xmlns=\"http:\/\/www.w3.org\/2000\/svg\" viewBox=\"0 0 512 512\"><!-- Font Awesome Free 5.15.1 by @fontawesome - https:\/\/fontawesome.com License - https:\/\/fontawesome.com\/license\/free (Icons: CC BY 4.0, Fonts: SIL OFL 1.1, Code: MIT License) --><path d=\"M440.5 88.5l-52 52L415 167c9.4 9.4 9.4 24.6 0 33.9l-17.4 17.4c11.8 26.1 18.4 55.1 18.4 85.6 0 114.9-93.1 208-208 208S0 418.9 0 304 93.1 96 208 96c30.5 0 59.5 6.6 85.6 18.4L311 97c9.4-9.4 24.6-9.4 33.9 0l26.5 26.5 52-52 17.1 17zM500 60h-24c-6.6 0-12 5.4-12 12s5.4 12 12 12h24c6.6 0 12-5.4 12-12s-5.4-12-12-12zM440 0c-6.6 0-12 5.4-12 12v24c0 6.6 5.4 12 12 12s12-5.4 12-12V12c0-6.6-5.4-12-12-12zm33.9 55l17-17c4.7-4.7 4.7-12.3 0-17-4.7-4.7-12.3-4.7-17 0l-17 17c-4.7 4.7-4.7 12.3 0 17 4.8 4.7 12.4 4.7 17 0zm-67.8 0c4.7 4.7 12.3 4.7 17 0 4.7-4.7 4.7-12.3 0-17l-17-17c-4.7-4.7-12.3-4.7-17 0-4.7 4.7-4.7 12.3 0 17l17 17zm67.8 34c-4.7-4.7-12.3-4.7-17 0-4.7 4.7-4.7 12.3 0 17l17 17c4.7 4.7 12.3 4.7 17 0 4.7-4.7 4.7-12.3 0-17l-17-17zM112 272c0-35.3 28.7-64 64-64 8.8 0 16-7.2 16-16s-7.2-16-16-16c-52.9 0-96 43.1-96 96 0 8.8 7.2 16 16 16s16-7.2 16-16z\"><\/path><\/svg>\n        \n        \n        \n            <\/div>\n    \n\n\n<\/div><div class=\"bde-text-187-230 bde-text hero-card-label\">\nSEO \/ AEO \/ GEO\n<\/div>\n<\/div><div class=\"bde-text-187-231 bde-text hero-card-title\">\nWidoczno\u015b\u0107 w Google i AI\n<\/div><div class=\"bde-text-187-232 bde-text hero-card-description\">\nTre\u015bci i struktura pomagaj\u0105 firmie by\u0107 \u0142atwiej znalezion\u0105.\n<\/div>\n<\/div><div class=\"bde-div-187-233 bde-div hero-visual-card\">\n  \n  \n\t\n\n\n\n<div class=\"bde-div-187-234 bde-div hero-card-icon-row\">\n  \n  \n\t\n\n\n\n<div class=\"bde-icon-187-235 bde-icon hero-card-badge\">\n\n    \n            <div class=\"bde-icon-icon breakdance-icon-atom\" >\n    \n                    <svg xmlns=\"http:\/\/www.w3.org\/2000\/svg\" viewBox=\"0 0 512 512\"><!-- Font Awesome Free 5.15.1 by @fontawesome - https:\/\/fontawesome.com License - https:\/\/fontawesome.com\/license\/free (Icons: CC BY 4.0, Fonts: SIL OFL 1.1, Code: MIT License) --><path d=\"M440.5 88.5l-52 52L415 167c9.4 9.4 9.4 24.6 0 33.9l-17.4 17.4c11.8 26.1 18.4 55.1 18.4 85.6 0 114.9-93.1 208-208 208S0 418.9 0 304 93.1 96 208 96c30.5 0 59.5 6.6 85.6 18.4L311 97c9.4-9.4 24.6-9.4 33.9 0l26.5 26.5 52-52 17.1 17zM500 60h-24c-6.6 0-12 5.4-12 12s5.4 12 12 12h24c6.6 0 12-5.4 12-12s-5.4-12-12-12zM440 0c-6.6 0-12 5.4-12 12v24c0 6.6 5.4 12 12 12s12-5.4 12-12V12c0-6.6-5.4-12-12-12zm33.9 55l17-17c4.7-4.7 4.7-12.3 0-17-4.7-4.7-12.3-4.7-17 0l-17 17c-4.7 4.7-4.7 12.3 0 17 4.8 4.7 12.4 4.7 17 0zm-67.8 0c4.7 4.7 12.3 4.7 17 0 4.7-4.7 4.7-12.3 0-17l-17-17c-4.7-4.7-12.3-4.7-17 0-4.7 4.7-4.7 12.3 0 17l17 17zm67.8 34c-4.7-4.7-12.3-4.7-17 0-4.7 4.7-4.7 12.3 0 17l17 17c4.7 4.7 12.3 4.7 17 0 4.7-4.7 4.7-12.3 0-17l-17-17zM112 272c0-35.3 28.7-64 64-64 8.8 0 16-7.2 16-16s-7.2-16-16-16c-52.9 0-96 43.1-96 96 0 8.8 7.2 16 16 16s16-7.2 16-16z\"><\/path><\/svg>\n        \n        \n        \n            <\/div>\n    \n\n\n<\/div><div class=\"bde-text-187-236 bde-text hero-card-label\">\nZAPYTANIA<br>\n<\/div>\n<\/div><div class=\"bde-text-187-237 bde-text hero-card-title\">\nNowy kontakt z formularza\n<\/div><div class=\"bde-text-187-238 bde-text hero-card-description\">\nZapytanie trafia tam, gdzie mo\u017cna szybko zareagowa\u0107.\n<\/div>\n<\/div><div class=\"bde-div-187-239 bde-div hero-visual-card\">\n  \n  \n\t\n\n\n\n<div class=\"bde-div-187-240 bde-div hero-card-icon-row\">\n  \n  \n\t\n\n\n\n<div class=\"bde-icon-187-241 bde-icon hero-card-badge\">\n\n    \n            <div class=\"bde-icon-icon breakdance-icon-atom\" >\n    \n                    <svg xmlns=\"http:\/\/www.w3.org\/2000\/svg\" viewBox=\"0 0 512 512\"><!-- Font Awesome Free 5.15.1 by @fontawesome - https:\/\/fontawesome.com License - https:\/\/fontawesome.com\/license\/free (Icons: CC BY 4.0, Fonts: SIL OFL 1.1, Code: MIT License) --><path d=\"M440.5 88.5l-52 52L415 167c9.4 9.4 9.4 24.6 0 33.9l-17.4 17.4c11.8 26.1 18.4 55.1 18.4 85.6 0 114.9-93.1 208-208 208S0 418.9 0 304 93.1 96 208 96c30.5 0 59.5 6.6 85.6 18.4L311 97c9.4-9.4 24.6-9.4 33.9 0l26.5 26.5 52-52 17.1 17zM500 60h-24c-6.6 0-12 5.4-12 12s5.4 12 12 12h24c6.6 0 12-5.4 12-12s-5.4-12-12-12zM440 0c-6.6 0-12 5.4-12 12v24c0 6.6 5.4 12 12 12s12-5.4 12-12V12c0-6.6-5.4-12-12-12zm33.9 55l17-17c4.7-4.7 4.7-12.3 0-17-4.7-4.7-12.3-4.7-17 0l-17 17c-4.7 4.7-4.7 12.3 0 17 4.8 4.7 12.4 4.7 17 0zm-67.8 0c4.7 4.7 12.3 4.7 17 0 4.7-4.7 4.7-12.3 0-17l-17-17c-4.7-4.7-12.3-4.7-17 0-4.7 4.7-4.7 12.3 0 17l17 17zm67.8 34c-4.7-4.7-12.3-4.7-17 0-4.7 4.7-4.7 12.3 0 17l17 17c4.7 4.7 12.3 4.7 17 0 4.7-4.7 4.7-12.3 0-17l-17-17zM112 272c0-35.3 28.7-64 64-64 8.8 0 16-7.2 16-16s-7.2-16-16-16c-52.9 0-96 43.1-96 96 0 8.8 7.2 16 16 16s16-7.2 16-16z\"><\/path><\/svg>\n        \n        \n        \n            <\/div>\n    \n\n\n<\/div><div class=\"bde-text-187-242 bde-text hero-card-label\">\nAUTOMATYZACJA\n<\/div>\n<\/div><div class=\"bde-text-187-243 bde-text hero-card-title\">\nFollow-up bez kopiowania\n<\/div><div class=\"bde-text-187-244 bde-text hero-card-description\">\nPotwierdzenie i kolejny krok mog\u0105 uruchamia\u0107 si\u0119 automatycznie.\n<\/div>\n<\/div><div class=\"bde-div-187-245 bde-div hero-visual-card\">\n  \n  \n\t\n\n\n\n<div class=\"bde-div-187-246 bde-div hero-card-icon-row\">\n  \n  \n\t\n\n\n\n<div class=\"bde-icon-187-247 bde-icon hero-card-badge\">\n\n    \n            <div class=\"bde-icon-icon breakdance-icon-atom\" >\n    \n                    <svg xmlns=\"http:\/\/www.w3.org\/2000\/svg\" viewBox=\"0 0 512 512\"><!-- Font Awesome Free 5.15.1 by @fontawesome - https:\/\/fontawesome.com License - https:\/\/fontawesome.com\/license\/free (Icons: CC BY 4.0, Fonts: SIL OFL 1.1, Code: MIT License) --><path d=\"M440.5 88.5l-52 52L415 167c9.4 9.4 9.4 24.6 0 33.9l-17.4 17.4c11.8 26.1 18.4 55.1 18.4 85.6 0 114.9-93.1 208-208 208S0 418.9 0 304 93.1 96 208 96c30.5 0 59.5 6.6 85.6 18.4L311 97c9.4-9.4 24.6-9.4 33.9 0l26.5 26.5 52-52 17.1 17zM500 60h-24c-6.6 0-12 5.4-12 12s5.4 12 12 12h24c6.6 0 12-5.4 12-12s-5.4-12-12-12zM440 0c-6.6 0-12 5.4-12 12v24c0 6.6 5.4 12 12 12s12-5.4 12-12V12c0-6.6-5.4-12-12-12zm33.9 55l17-17c4.7-4.7 4.7-12.3 0-17-4.7-4.7-12.3-4.7-17 0l-17 17c-4.7 4.7-4.7 12.3 0 17 4.8 4.7 12.4 4.7 17 0zm-67.8 0c4.7 4.7 12.3 4.7 17 0 4.7-4.7 4.7-12.3 0-17l-17-17c-4.7-4.7-12.3-4.7-17 0-4.7 4.7-4.7 12.3 0 17l17 17zm67.8 34c-4.7-4.7-12.3-4.7-17 0-4.7 4.7-4.7 12.3 0 17l17 17c4.7 4.7 12.3 4.7 17 0 4.7-4.7 4.7-12.3 0-17l-17-17zM112 272c0-35.3 28.7-64 64-64 8.8 0 16-7.2 16-16s-7.2-16-16-16c-52.9 0-96 43.1-96 96 0 8.8 7.2 16 16 16s16-7.2 16-16z\"><\/path><\/svg>\n        \n        \n        \n            <\/div>\n    \n\n\n<\/div><div class=\"bde-text-187-248 bde-text hero-card-label\">\nKALENDARZ\n<\/div>\n<\/div><div class=\"bde-text-187-249 bde-text hero-card-title\">\nTermin bez wymiany maili\n<\/div><div class=\"bde-text-187-250 bde-text hero-card-description\">\nKlient wybiera termin, a Ty dostajesz uporz\u0105dkowane zg\u0142oszenie.\n<\/div>\n<\/div>\n<\/div>\n<\/div>\n<\/div>\n<\/div><\/div>\n<\/section><\/main>","protected":false},"excerpt":{"rendered":"<p>STRONY, WIDOCZNO\u015a\u0106 I AUTOMATYZACJE Strona, kt\u00f3ra wygl\u0105da dobrze, jest widoczna i pomaga zdobywa\u0107 zapytania. Tworz\u0119 i rozwijam strony WordPress dla ma\u0142ych firm, \u0142\u0105cz\u0105c je z SEO, widoczno\u015bci\u0105 w odpowiedziach AI i prostymi automatyzacjami, \u017ceby firma mia\u0142a wi\u0119cej zapyta\u0144 i mniej r\u0119cznej pracy. Um\u00f3w rozmow\u0119 Zobacz pakiety Bez zobowi\u0105za\u0144. Po rozmowie dostajesz prosty plan kolejnych krok\u00f3w. [&hellip;]<\/p>\n","protected":false},"author":1,"featured_media":0,"parent":0,"menu_order":0,"comment_status":"closed","ping_status":"closed","template":"","meta":{"_breakdance_hide_in_design_set":false,"_breakdance_tags":"","footnotes":""},"class_list":["post-187","page","type-page","status-publish","hentry"],"_links":{"self":[{"href":"https:\/\/inspirai.pl\/index.php?rest_route=\/wp\/v2\/pages\/187","targetHints":{"allow":["GET"]}}],"collection":[{"href":"https:\/\/inspirai.pl\/index.php?rest_route=\/wp\/v2\/pages"}],"about":[{"href":"https:\/\/inspirai.pl\/index.php?rest_route=\/wp\/v2\/types\/page"}],"author":[{"embeddable":true,"href":"https:\/\/inspirai.pl\/index.php?rest_route=\/wp\/v2\/users\/1"}],"replies":[{"embeddable":true,"href":"https:\/\/inspirai.pl\/index.php?rest_route=%2Fwp%2Fv2%2Fcomments&post=187"}],"version-history":[{"count":377,"href":"https:\/\/inspirai.pl\/index.php?rest_route=\/wp\/v2\/pages\/187\/revisions"}],"predecessor-version":[{"id":571,"href":"https:\/\/inspirai.pl\/index.php?rest_route=\/wp\/v2\/pages\/187\/revisions\/571"}],"wp:attachment":[{"href":"https:\/\/inspirai.pl\/index.php?rest_route=%2Fwp%2Fv2%2Fmedia&parent=187"}],"curies":[{"name":"wp","href":"https:\/\/api.w.org\/{rel}","templated":true}]}}